{"id":2,"date":"2022-02-21T18:13:35","date_gmt":"2022-02-21T17:13:35","guid":{"rendered":"http:\/\/lecosysaintgeorges.fr\/?page_id=2"},"modified":"2023-10-11T15:26:17","modified_gmt":"2023-10-11T13:26:17","slug":"page-d-exemple","status":"publish","type":"page","link":"https:\/\/lecosysaintgeorges.fr\/","title":{"rendered":""},"content":{"rendered":"\n<header id=\"header\">\n        <a href=\"\" class=\"logo\"><\/a>\n        <div id=\"toggle\"><\/div>\n        <div id=\"navbar\">\n            <ul>\n                <li><a href=\"#carte\">Nos menus<\/a><\/li>\n                <li><a href=\"#contact\">Nous contacter<\/a><\/li>\n                <li><a href=\"https:\/\/www.google.fr\/maps\/place\/Le+Cosy\/@46.0632309,4.7217218,17z\/data=!3m1!4b1!4m5!3m4!1s0x47f483174c4b3f37:0x52e4ad6338892868!8m2!3d46.063272!4d4.7238347\" target=\"_BLANK\" rel=\"noopener\">Nos trouver<\/a><\/li>\n            <\/ul> \n        <\/div>\n    <\/header>\n<script>\n    const header = document.getElementById('header');\n    const toggle = document.getElementById('toggle');\n    const navbar = document.getElementById('navbar');\n\n    document.onclick = function(e)\n    {\n        if (e.target.id !== 'header' && e.target.id !== 'toggle' && e.target.id !== 'navbar')\n        {\n            toggle.classList.remove('active');\n            navbar.classList.remove('active');\n        }\n    }\n\n    toggle.onclick = function()\n    {\n        toggle.classList.toggle('active');\n        navbar.classList.toggle('active');\n    }\n<\/script>\n\n\n\n<div class=\"wp-block-cover alignfull has-parallax\" style=\"min-height:887px;aspect-ratio:unset;\"><span aria-hidden=\"true\" class=\"wp-block-cover__background has-background-dim\"><\/span><div role=\"img\" class=\"wp-block-cover__image-background wp-image-145 has-parallax\" style=\"background-position:50% 50%;background-image:url(https:\/\/lecosysaintgeorges.fr\/wp-content\/uploads\/2022\/02\/fond-scaled.jpg)\"><\/div><div class=\"wp-block-cover__inner-container is-layout-flow wp-block-cover-is-layout-flow\">\n<div class=\"wp-block-group alignfull is-layout-constrained wp-block-group-is-layout-constrained\"><div class=\"wp-block-group__inner-container\">\n<section id=\"menu\">\n        <div class=\"text-placement\">\n            <h1>Le COSY<\/h1>\n            <div class=\"line\"><\/div>\n            <h3>Restaurant &amp; Pizzeria<\/h3>\n        <\/div>\n    <\/section>\n<\/div><\/div>\n<\/div><\/div>\n\n\n\n<section id=\"presentation\">\n        <div class=\"text-intro\">\n            <h2>Le COSY vous accueille du lundi au samedi.<\/h2>\n            <p>Nous sommes ravis de vous accueillir les midis du lundi au vendredi, ainsi que le soir le vendredi et le samedi.<br> En compl\u00e9ment de notre carte, nous vous proposons une formule sur place chaque midi.<br> Nos pizzas sont \u00e0 d\u00e9guster sur place ou \u00e0 emporter midi et soir. N&rsquo;oubliez pas de commander \u00e0 l&rsquo;avance.<br> N&rsquo;h\u00e9sitez pas \u00e0 nous contacter si vous souhaitez rejoindre l&rsquo;univers du Cosy le temps d&rsquo;un repas.<\/p>\n        <\/div>\n        <div class=\"panel-image-presentation\">\n            <div class=\"image-presentation\">\n                <h4>Notre terrasse<\/h4>\n                <img decoding=\"async\" src=\"https:\/\/lecosysaintgeorges.fr\/wp-content\/uploads\/2022\/05\/terrasse-1024x768.jpg\" alt=\"\">\n            <\/div>\n            <div class=\"image-presentation\">\n                <h4>Notre ambiance cosy<\/h4>\n                <img decoding=\"async\" src=\"https:\/\/lecosysaintgeorges.fr\/wp-content\/uploads\/2022\/03\/room-1024x768.jpg\" alt=\"\">\n            <\/div>\n            <div class=\"image-presentation\">\n                <h4>Nos tables<\/h4>\n                <img decoding=\"async\" src=\"https:\/\/lecosysaintgeorges.fr\/wp-content\/uploads\/2022\/05\/terrasse-tables-1024x768.jpg\" alt=\"\">\n            <\/div>\n            <div class=\"image-presentation\">\n                <h4>Notre salle<\/h4>\n                <img decoding=\"async\" src=\"https:\/\/lecosysaintgeorges.fr\/wp-content\/uploads\/2022\/03\/room-door-1024x768.jpg\" alt=\"\">\n            <\/div>\n        <\/div>\n    <\/section>\n\n\n\n<div class=\"wp-block-group alignfull is-layout-constrained wp-block-group-is-layout-constrained\" id=\"carte\"><div class=\"wp-block-group__inner-container\">\n<h2 class=\"wp-block-heading has-text-align-center\" id=\"carte\">Notre carte<\/h2>\n\n\n\n<div class=\"line\"><\/div>\n\n\n\n<figure class=\"wp-block-image alignfull size-full has-custom-border is-style-default\"><img loading=\"lazy\" decoding=\"async\" width=\"1186\" height=\"838\" src=\"https:\/\/lecosysaintgeorges.fr\/wp-content\/uploads\/2022\/05\/setTable.png\" alt=\"\" class=\"wp-image-297\" style=\"border-radius:0px\" srcset=\"https:\/\/lecosysaintgeorges.fr\/wp-content\/uploads\/2022\/05\/setTable.png 1186w, https:\/\/lecosysaintgeorges.fr\/wp-content\/uploads\/2022\/05\/setTable-300x212.png 300w, https:\/\/lecosysaintgeorges.fr\/wp-content\/uploads\/2022\/05\/setTable-1024x724.png 1024w, https:\/\/lecosysaintgeorges.fr\/wp-content\/uploads\/2022\/05\/setTable-768x543.png 768w\" sizes=\"auto, (max-width: 1186px) 100vw, 1186px\" \/><\/figure>\n<\/div><\/div>\n\n\n\n<link rel=\"stylesheet\" href=\"https:\/\/cdnjs.cloudflare.com\/ajax\/libs\/font-awesome\/4.7.0\/css\/font-awesome.css\">   \n<footer id=\"contact\">\n        <div>\n            <div class=\"network\">\n                <h3>Nos r\u00e9seaux<\/h3>\n                <a target=\"_blank\" href=\"https:\/\/www.facebook.com\/Le-cosy-101480854878268\/\" rel=\"noopener\"><li class=\"fa fa-facebook\"><\/li> Facebook<\/a>\n            <\/div>\n            <div class=\"contact\">\n                <h3>Contactez-nous<\/h3>\n                <a href=\"tel:04.74.09.77.52\" class=\"num\"><li class=\"fa fa-phone\"><\/li> 04.74.09.77.52<\/a>\n            <\/div>\n        <\/div>\n    <\/footer>\n\n\n\n<p><\/p>\n","protected":false},"excerpt":{"rendered":"<p>Nos menus Nous contacter Nos trouver Le COSY vous accueille du lundi au samedi. Nous sommes ravis de vous accueillir les midis du lundi au vendredi, ainsi que le soir le vendredi et le samedi. En compl\u00e9ment de notre carte, nous vous proposons une formule sur place chaque midi. Nos pizzas sont \u00e0 d\u00e9guster sur &hellip;<\/p>\n<p class=\"read-more\"> <a class=\"\" href=\"https:\/\/lecosysaintgeorges.fr\/\">  Lire la suite\u00a0\u00bb<\/a><\/p>\n","protected":false},"author":1,"featured_media":0,"parent":0,"menu_order":1,"comment_status":"closed","ping_status":"open","template":"","meta":{"site-sidebar-layout":"no-sidebar","site-content-layout":"page-builder","ast-global-header-display":"","ast-main-header-display":"","ast-hfb-above-header-display":"","ast-hfb-below-header-display":"","ast-hfb-mobile-header-display":"","site-post-title":"","ast-breadcrumbs-content":"","ast-featured-img":"","footer-sml-layout":"","theme-transparent-header-meta":"default","adv-header-id-meta":"","stick-header-meta":"","header-above-stick-meta":"","header-main-stick-meta":"","header-below-stick-meta":"","footnotes":""},"class_list":["post-2","page","type-page","status-publish","hentry"],"yoast_head":"<!-- This site is optimized with the Yoast SEO plugin v21.3 - https:\/\/yoast.com\/wordpress\/plugins\/seo\/ -->\n<title>Le Cosy Saint Georges de Reneins<\/title>\n<meta name=\"description\" content=\"Ouvert tous les midis du lundi au vendredi et les soirs du jeudi au samedi. Sp\u00e9cialit\u00e9s : Formules du midi - Pizza sur place ou \u00e0 emporter - P\u00e2tes fra\u00eeches \u00ab maison \u00bb. 130 Place de l&#039;Eglise, 69830 Saint-Georges-de-Reneins, France\" \/>\n<meta name=\"robots\" content=\"index, follow, max-snippet:-1, max-image-preview:large, max-video-preview:-1\" \/>\n<link rel=\"canonical\" href=\"https:\/\/lecosysaintgeorges.fr\/\" \/>\n<meta property=\"og:locale\" content=\"fr_FR\" \/>\n<meta property=\"og:type\" content=\"article\" \/>\n<meta property=\"og:title\" content=\"Le Cosy Saint Georges de Reneins\" \/>\n<meta property=\"og:description\" content=\"Ouvert tous les midis du lundi au vendredi et les soirs du jeudi au samedi. Sp\u00e9cialit\u00e9s : Formules du midi - Pizza sur place ou \u00e0 emporter - P\u00e2tes fra\u00eeches \u00ab maison \u00bb. 130 Place de l&#039;Eglise, 69830 Saint-Georges-de-Reneins, France\" \/>\n<meta property=\"og:url\" content=\"https:\/\/lecosysaintgeorges.fr\/\" \/>\n<meta property=\"og:site_name\" content=\"Le Cosy\" \/>\n<meta property=\"article:publisher\" content=\"https:\/\/www.facebook.com\/Le-cosy-101480854878268\/\" \/>\n<meta property=\"article:modified_time\" content=\"2023-10-11T13:26:17+00:00\" \/>\n<meta property=\"og:image\" content=\"https:\/\/lecosysaintgeorges.fr\/wp-content\/uploads\/2022\/05\/terrasse-1024x768.jpg\" \/>\n<meta name=\"twitter:card\" content=\"summary_large_image\" \/>\n<meta name=\"twitter:label1\" content=\"Dur\u00e9e de lecture estim\u00e9e\" \/>\n\t<meta name=\"twitter:data1\" content=\"2 minutes\" \/>\n<script type=\"application\/ld+json\" class=\"yoast-schema-graph\">{\"@context\":\"https:\/\/schema.org\",\"@graph\":[{\"@type\":\"WebPage\",\"@id\":\"https:\/\/lecosysaintgeorges.fr\/\",\"url\":\"https:\/\/lecosysaintgeorges.fr\/\",\"name\":\"Le Cosy Saint Georges de Reneins\",\"isPartOf\":{\"@id\":\"https:\/\/lecosysaintgeorges.fr\/#website\"},\"datePublished\":\"2022-02-21T17:13:35+00:00\",\"dateModified\":\"2023-10-11T13:26:17+00:00\",\"description\":\"Ouvert tous les midis du lundi au vendredi et les soirs du jeudi au samedi. Sp\u00e9cialit\u00e9s : Formules du midi - Pizza sur place ou \u00e0 emporter - P\u00e2tes fra\u00eeches \u00ab maison \u00bb. 130 Place de l'Eglise, 69830 Saint-Georges-de-Reneins, France\",\"inLanguage\":\"fr-FR\",\"potentialAction\":[{\"@type\":\"ReadAction\",\"target\":[\"https:\/\/lecosysaintgeorges.fr\/\"]}]},{\"@type\":\"WebSite\",\"@id\":\"https:\/\/lecosysaintgeorges.fr\/#website\",\"url\":\"https:\/\/lecosysaintgeorges.fr\/\",\"name\":\"Le Cosy\",\"description\":\"Restaurant, le Cosy Saint-Georges-de-Reneins\",\"publisher\":{\"@id\":\"https:\/\/lecosysaintgeorges.fr\/#organization\"},\"potentialAction\":[{\"@type\":\"SearchAction\",\"target\":{\"@type\":\"EntryPoint\",\"urlTemplate\":\"https:\/\/lecosysaintgeorges.fr\/?s={search_term_string}\"},\"query-input\":\"required name=search_term_string\"}],\"inLanguage\":\"fr-FR\"},{\"@type\":\"Organization\",\"@id\":\"https:\/\/lecosysaintgeorges.fr\/#organization\",\"name\":\"Le Cosy Saint Georges de Reneins\",\"url\":\"https:\/\/lecosysaintgeorges.fr\/\",\"logo\":{\"@type\":\"ImageObject\",\"inLanguage\":\"fr-FR\",\"@id\":\"https:\/\/lecosysaintgeorges.fr\/#\/schema\/logo\/image\/\",\"url\":\"http:\/\/lecosysaintgeorges.fr\/wp-content\/uploads\/2022\/03\/logo-cosy.jpeg\",\"contentUrl\":\"http:\/\/lecosysaintgeorges.fr\/wp-content\/uploads\/2022\/03\/logo-cosy.jpeg\",\"width\":482,\"height\":306,\"caption\":\"Le Cosy Saint Georges de Reneins\"},\"image\":{\"@id\":\"https:\/\/lecosysaintgeorges.fr\/#\/schema\/logo\/image\/\"},\"sameAs\":[\"https:\/\/www.facebook.com\/Le-cosy-101480854878268\/\"]}]}<\/script>\n<!-- \/ Yoast SEO plugin. -->","yoast_head_json":{"title":"Le Cosy Saint Georges de Reneins","description":"Ouvert tous les midis du lundi au vendredi et les soirs du jeudi au samedi. Sp\u00e9cialit\u00e9s : Formules du midi - Pizza sur place ou \u00e0 emporter - P\u00e2tes fra\u00eeches \u00ab maison \u00bb. 130 Place de l'Eglise, 69830 Saint-Georges-de-Reneins, France","robots":{"index":"index","follow":"follow","max-snippet":"max-snippet:-1","max-image-preview":"max-image-preview:large","max-video-preview":"max-video-preview:-1"},"canonical":"https:\/\/lecosysaintgeorges.fr\/","og_locale":"fr_FR","og_type":"article","og_title":"Le Cosy Saint Georges de Reneins","og_description":"Ouvert tous les midis du lundi au vendredi et les soirs du jeudi au samedi. Sp\u00e9cialit\u00e9s : Formules du midi - Pizza sur place ou \u00e0 emporter - P\u00e2tes fra\u00eeches \u00ab maison \u00bb. 130 Place de l'Eglise, 69830 Saint-Georges-de-Reneins, France","og_url":"https:\/\/lecosysaintgeorges.fr\/","og_site_name":"Le Cosy","article_publisher":"https:\/\/www.facebook.com\/Le-cosy-101480854878268\/","article_modified_time":"2023-10-11T13:26:17+00:00","og_image":[{"url":"https:\/\/lecosysaintgeorges.fr\/wp-content\/uploads\/2022\/05\/terrasse-1024x768.jpg"}],"twitter_card":"summary_large_image","twitter_misc":{"Dur\u00e9e de lecture estim\u00e9e":"2 minutes"},"schema":{"@context":"https:\/\/schema.org","@graph":[{"@type":"WebPage","@id":"https:\/\/lecosysaintgeorges.fr\/","url":"https:\/\/lecosysaintgeorges.fr\/","name":"Le Cosy Saint Georges de Reneins","isPartOf":{"@id":"https:\/\/lecosysaintgeorges.fr\/#website"},"datePublished":"2022-02-21T17:13:35+00:00","dateModified":"2023-10-11T13:26:17+00:00","description":"Ouvert tous les midis du lundi au vendredi et les soirs du jeudi au samedi. Sp\u00e9cialit\u00e9s : Formules du midi - Pizza sur place ou \u00e0 emporter - P\u00e2tes fra\u00eeches \u00ab maison \u00bb. 130 Place de l'Eglise, 69830 Saint-Georges-de-Reneins, France","inLanguage":"fr-FR","potentialAction":[{"@type":"ReadAction","target":["https:\/\/lecosysaintgeorges.fr\/"]}]},{"@type":"WebSite","@id":"https:\/\/lecosysaintgeorges.fr\/#website","url":"https:\/\/lecosysaintgeorges.fr\/","name":"Le Cosy","description":"Restaurant, le Cosy Saint-Georges-de-Reneins","publisher":{"@id":"https:\/\/lecosysaintgeorges.fr\/#organization"},"potentialAction":[{"@type":"SearchAction","target":{"@type":"EntryPoint","urlTemplate":"https:\/\/lecosysaintgeorges.fr\/?s={search_term_string}"},"query-input":"required name=search_term_string"}],"inLanguage":"fr-FR"},{"@type":"Organization","@id":"https:\/\/lecosysaintgeorges.fr\/#organization","name":"Le Cosy Saint Georges de Reneins","url":"https:\/\/lecosysaintgeorges.fr\/","logo":{"@type":"ImageObject","inLanguage":"fr-FR","@id":"https:\/\/lecosysaintgeorges.fr\/#\/schema\/logo\/image\/","url":"http:\/\/lecosysaintgeorges.fr\/wp-content\/uploads\/2022\/03\/logo-cosy.jpeg","contentUrl":"http:\/\/lecosysaintgeorges.fr\/wp-content\/uploads\/2022\/03\/logo-cosy.jpeg","width":482,"height":306,"caption":"Le Cosy Saint Georges de Reneins"},"image":{"@id":"https:\/\/lecosysaintgeorges.fr\/#\/schema\/logo\/image\/"},"sameAs":["https:\/\/www.facebook.com\/Le-cosy-101480854878268\/"]}]}},"_links":{"self":[{"href":"https:\/\/lecosysaintgeorges.fr\/index.php\/wp-json\/wp\/v2\/pages\/2","targetHints":{"allow":["GET"]}}],"collection":[{"href":"https:\/\/lecosysaintgeorges.fr\/index.php\/wp-json\/wp\/v2\/pages"}],"about":[{"href":"https:\/\/lecosysaintgeorges.fr\/index.php\/wp-json\/wp\/v2\/types\/page"}],"author":[{"embeddable":true,"href":"https:\/\/lecosysaintgeorges.fr\/index.php\/wp-json\/wp\/v2\/users\/1"}],"replies":[{"embeddable":true,"href":"https:\/\/lecosysaintgeorges.fr\/index.php\/wp-json\/wp\/v2\/comments?post=2"}],"version-history":[{"count":66,"href":"https:\/\/lecosysaintgeorges.fr\/index.php\/wp-json\/wp\/v2\/pages\/2\/revisions"}],"predecessor-version":[{"id":304,"href":"https:\/\/lecosysaintgeorges.fr\/index.php\/wp-json\/wp\/v2\/pages\/2\/revisions\/304"}],"wp:attachment":[{"href":"https:\/\/lecosysaintgeorges.fr\/index.php\/wp-json\/wp\/v2\/media?parent=2"}],"curies":[{"name":"wp","href":"https:\/\/api.w.org\/{rel}","templated":true}]}}